{"id":253,"date":"2019-04-17T16:52:45","date_gmt":"2019-04-17T19:52:45","guid":{"rendered":"https:\/\/congressoabrisco.com.br\/2023\/?page_id=253"},"modified":"2023-05-14T11:27:15","modified_gmt":"2023-05-14T14:27:15","slug":"diretrizes-para-a-elaboracao-de-resumos","status":"publish","type":"page","link":"https:\/\/congressoabrisco.com.br\/2023\/conferencia\/diretrizes-para-a-elaboracao-de-resumos\/","title":{"rendered":"Diretrizes para Elabora\u00e7\u00e3o dos Resumos Estendidos"},"content":{"rendered":"<h2>Introdu\u00e7\u00e3o<\/h2>\n<p>O comit\u00ea da organiza\u00e7\u00e3o do Congresso ABRISCO 2023 decidiu inovar para nosso 6.\u00a0congresso e estamos considerando necess\u00e1rio e suficiente a apresenta\u00e7\u00e3o do resumo estendido contendo 1500 palavras, que ir\u00e1 gerar duas a tr\u00eas p\u00e1ginas.<\/p>\n<p>Caso seja aceito o trabalho, ir\u00e1 ser apresentado no congresso que ocorrer\u00e1 em novembro 2023, devendo o resumo estendido constar dos anais do congresso.<\/p>\n<p>O comit\u00ea t\u00e9cnico do Congresso ABRISCO 2023, com base nos resumos estendidos apresentados ir\u00e1 selecionar os trabalhos que concorrer\u00e3o ao Pr\u00eamio ABRISCO para os trabalhos mais relevantes em sua categoria. Para detalhes, ver instru\u00e7\u00e3o sobre Premia\u00e7\u00e3o de Trabalhos do Congresso ABRISCO 2023.<\/p>\n<h2>Conte\u00fado do resumo estendido<\/h2>\n<p>Os resumos estendidos devem conter ao menos as quatro se\u00e7\u00f5es principais abaixo:<\/p>\n<ul>\n<li>Objetivos ou Introdu\u00e7\u00e3o: Informar o objetivo e escopo do resumo apresentado, com 85 a 200 palavras;<\/li>\n<\/ul>\n<ul>\n<li>Descri\u00e7\u00e3o do m\u00e9todo e processo: Informar geral da abordagem, incluindo m\u00e9todos e processos, com 245 a 330 palavras;<\/li>\n<\/ul>\n<ul>\n<li>Resultados obtidos: Descrever os resultados e observa\u00e7\u00f5es do trabalho, com 335 a 670 palavras;<\/li>\n<\/ul>\n<ul>\n<li>Conclus\u00f5es: Discutir benef\u00edcio do trabalho \u00e0 inova\u00e7\u00e3o ou adi\u00e7\u00e3o ao conhecimento da pr\u00e1tica da engenharia, com 85 a 250 palavras.<\/li>\n<\/ul>\n<p>Outras se\u00e7\u00f5es principais n\u00e3o ser\u00e3o aceitas, mas podendo ser considerado subse\u00e7\u00f5es. Ser\u00e3o permitidos gr\u00e1ficos, tabelas, equa\u00e7\u00f5es e fotos, sem limite de inclus\u00e3o.<\/p>\n<p>N\u00e3o haver\u00e1 controle de palavras para: t\u00edtulos, autores e refer\u00eancias.<\/p>\n<p>O resumo estendido deve ser submetido atrav\u00e9s do\u00a0<em>site<\/em>\u00a0do evento no formato:\u00a0 MS\u00a0Word (.doc ou .docx) ou Adobe Acrobat (.pdf).<\/p>\n<h2>Formata\u00e7\u00e3o do resumo estendido<\/h2>\n<h3>Especifica\u00e7\u00e3o da P\u00e1gina<\/h3>\n<p>A p\u00e1gina deve ser de formato A4 com margens de 20 mm de cada lado, bem como acima e abaixo. Todos os textos, tabelas e ilustra\u00e7\u00f5es devem aparecer dentro das margens designadas. Use o \u201cmodelo padr\u00e3o do trabalho\u201d fornecido com o logo do Congresso ABRISCO 2023. O numero de inscri\u00e7\u00e3o no trabalho ser\u00e1 fornecido no momento da inscri\u00e7\u00e3o do trabalho, que deve ser inserido no cabe\u00e7alho do resumo.<\/p>\n<h3>Especifica\u00e7\u00e3o das Fontes<\/h3>\n<p>Somente a fonte Times New Roman deve ser usada em todas as partes do resumo estendido. Os tamanhos das fontes variam de acordo com o local do texto conforme indicado a seguir:<\/p>\n<p>T\u00edtulo do artigo: tamanho 12<\/p>\n<p>Autores e entidades: tamanho 11<\/p>\n<p>Se\u00e7\u00f5es e subse\u00e7\u00f5es: tamanho 12<\/p>\n<p>Todos os demais Textos: tamanho 11<\/p>\n<p>Deve ser usado somente espa\u00e7amento simples em todo o resumo conforme indicado no modelo padr\u00e3o fornecido pela ABRISCO.<\/p>\n<h3>T\u00edtulo do Artigo<\/h3>\n<p>Centre o t\u00edtulo na p\u00e1gina, o qual deve ter iniciais mai\u00fasculas (ou seja, primeira letra de cada palavra significativa deve ser mai\u00fascula) em negrito. Ap\u00f3s uma linha de intervalo, introduza as informa\u00e7\u00f5es sobre os autores.<\/p>\n<h3>Autores e Afilia\u00e7\u00f5es<\/h3>\n<p>Centre os nomes dos autores, que devem ter iniciais mai\u00fasculas. Ap\u00f3s uma linha de intervalo, introduza a informa\u00e7\u00e3o sobre a afilia\u00e7\u00e3o dos autores. Se os autores forem afiliados a entidades diferentes, re\u00fana os nomes dos autores de uma mesma entidade em uma linha e na linha seguinte a entidade. Ap\u00f3s uma linha de intervalo, repita o processo para os autores da outra entidade. Tal como para os autores, tamb\u00e9m as afilia\u00e7\u00f5es devem ser centradas na p\u00e1gina.<\/p>\n<h3>Par\u00e1grafos<\/h3>\n<p>Indente cada par\u00e1grafo em 10 mm. O texto deve ser em espa\u00e7o simples, justificado em ambos os lados.<\/p>\n<h3>T\u00edtulos das Se\u00e7\u00f5es Principais e de Subse\u00e7\u00f5es<\/h3>\n<p>Para os t\u00edtulos das se\u00e7\u00f5es principais, use letras mai\u00fasculas em negrito. Ap\u00f3s uma linha de intervalo, Indente o par\u00e1grafo conforme indicado acima. Para os t\u00edtulos das subse\u00e7\u00f5es, use iniciais mai\u00fasculas em it\u00e1lico. Use o esquema de numera\u00e7\u00e3o do modelo padr\u00e3o de resumo estendido fornecido com o logo da ABRISCO e nome do Congresso.<\/p>\n<h3>Equa\u00e7\u00f5es<\/h3>\n<p>As equa\u00e7\u00f5es devem ter uma linha de espa\u00e7o antes e uma depois. Devem ser indentadas em 10 mm. Devem ser numeradas consecutivamente em n\u00fameros ar\u00e1bicos colocados entre par\u00eanteses, sendo esta numera\u00e7\u00e3o justificada pela margem direita, na ordem em que aparecem no texto.<\/p>\n<h3>Tabelas<\/h3>\n<p>As tabelas devem ser numeradas consecutivamente em n\u00fameros ar\u00e1bicos na ordem em que aparecem no texto. Devem ser colocadas pr\u00f3ximas ao ponto onde s\u00e3o referidas no texto pela primeira vez (n\u00e3o as coloque juntas ao final do artigo). Cada tabela deve ter um t\u00edtulo completo, indicativo do seu conte\u00fado, o qual deve ter o seguinte formato: Tabela 1 \u2013 T\u00edtulo da tabela.<\/p>\n<h3>Figuras<\/h3>\n<p>As figuras devem ser de boa qualidade gr\u00e1fica. Devem ser numeradas consecutivamente em n\u00fameros ar\u00e1bicos na ordem em que aparecem no texto. Devem ser colocadas pr\u00f3ximas ao ponto onde s\u00e3o referidas no texto pela primeira vez (n\u00e3o as coloque juntas ao final do artigo). Devem ter um t\u00edtulo completo indicativo do seu conte\u00fado, o qual deve ter o seguinte formato: Figura 1 \u2013 T\u00edtulo da figura.<\/p>\n<h3>Refer\u00eancias<\/h3>\n<p>As refer\u00eancias devem ser feitas a trabalhos publicados que tenham uma importante rela\u00e7\u00e3o com o trabalho realizado. N\u00e3o ser\u00e3o aceitas rela\u00e7\u00f5es bibliogr\u00e1ficas. Todas as refer\u00eancias devem ser citadas no texto em n\u00fameros ar\u00e1bicos na ordem em que aparecem no texto. Os n\u00fameros devem ser indicados entre colchetes, tais como: [1] quando for uma \u00fanica refer\u00eancia, [3, 4] quando forem duas em sequ\u00eancia ou [6 \u2013 10] quando mais de duas em sequ\u00eancia. A lista de refer\u00eancias colocada ao final do resumo deve aparecer em ordem num\u00e9rica, com os respectivos n\u00fameros das refer\u00eancias citadas colocados individualmente tamb\u00e9m entre colchetes, conforme exemplos abaixo.<\/p>\n<p><em>Para um relat\u00f3rio t\u00e9cnico:\u00a0<\/em>autores em letras mai\u00fasculas, t\u00edtulo do relat\u00f3rio (letras iniciais mai\u00fasculas) entre aspas, n\u00famero do relat\u00f3rio, organiza\u00e7\u00e3o respons\u00e1vel pela publica\u00e7\u00e3o, ano (entre par\u00eanteses).<\/p>\n<p><em>Para um livro:\u00a0<\/em>autores em letras mai\u00fasculas, t\u00edtulo do livro (letras iniciais mai\u00fasculas) em tipo it\u00e1lico, p\u00e1gina ou n\u00famero do cap\u00edtulo (se quiser fornecer a especifica\u00e7\u00e3o de forma mais clara), editora, cidade da editora, pa\u00eds, ano (entre par\u00eanteses).<\/p>\n<p><em>Para um artigo publicado em uma revista:\u00a0<\/em>autores em letras mai\u00fasculas, t\u00edtulo do artigo (letras iniciais mai\u00fasculas) entre aspas, nome da revista (letras iniciais mai\u00fasculas) em tipo it\u00e1lico, volume e n\u00famero, n\u00famero da primeira p\u00e1gina do artigo na revista, ano (entre par\u00eanteses).<\/p>\n<p><em>Para um artigo publicado em anais de congressos:\u00a0<\/em>autores em letras mai\u00fasculas, t\u00edtulo do artigo (letras iniciais mai\u00fasculas) entre aspas, t\u00edtulo dos anais (letras iniciais mai\u00fasculas) em tipo it\u00e1lico, local de realiza\u00e7\u00e3o do evento, data do evento, volume, n\u00famero da primeira p\u00e1gina do artigo nos anais, editora respons\u00e1vel pela publica\u00e7\u00e3o, ano (entre par\u00eanteses).<\/p>\n<h2>Direitos autorais<\/h2>\n<p>A ABRISCO n\u00e3o est\u00e1 solicitando a cess\u00e3o de direitos autorais por parte dos autores. Isso significa que o trabalho apresentado no Congresso pode vir a ser publicado posteriormente em anais de outro congresso ou em revistas especializadas.<\/p>\n","protected":false},"excerpt":{"rendered":"<p><span class=\"excerpt-hellip\"> [\u2026]<\/span><\/p>\n","protected":false},"author":1,"featured_media":0,"parent":151,"menu_order":0,"comment_status":"closed","ping_status":"closed","template":"","meta":[],"acf":[],"yoast_head":"<!-- This site is optimized with the Yoast SEO plugin v20.4 - https:\/\/yoast.com\/wordpress\/plugins\/seo\/ -->\n<title>Diretrizes para Elabora\u00e7\u00e3o dos Resumos Estendidos - Congresso ABRISCO<\/title>\n<meta name=\"robots\" content=\"index, follow, max-snippet:-1, max-image-preview:large, max-video-preview:-1\" \/>\n<link rel=\"canonical\" href=\"https:\/\/congressoabrisco.com.br\/2023\/conferencia\/diretrizes-para-a-elaboracao-de-resumos\/\" \/>\n<meta property=\"og:locale\" content=\"pt_BR\" \/>\n<meta property=\"og:type\" content=\"article\" \/>\n<meta property=\"og:title\" content=\"Diretrizes para Elabora\u00e7\u00e3o dos Resumos Estendidos - Congresso ABRISCO\" \/>\n<meta property=\"og:description\" content=\"[\u2026]\" \/>\n<meta property=\"og:url\" content=\"https:\/\/congressoabrisco.com.br\/2023\/conferencia\/diretrizes-para-a-elaboracao-de-resumos\/\" \/>\n<meta property=\"og:site_name\" content=\"Congresso ABRISCO\" \/>\n<meta property=\"article:modified_time\" content=\"2023-05-14T14:27:15+00:00\" \/>\n<meta name=\"twitter:card\" content=\"summary_large_image\" \/>\n<meta name=\"twitter:label1\" content=\"Est. tempo de leitura\" \/>\n\t<meta name=\"twitter:data1\" content=\"7 minutos\" \/>\n<script type=\"application\/ld+json\" class=\"yoast-schema-graph\">{\"@context\":\"https:\/\/schema.org\",\"@graph\":[{\"@type\":\"WebPage\",\"@id\":\"https:\/\/congressoabrisco.com.br\/2023\/conferencia\/diretrizes-para-a-elaboracao-de-resumos\/\",\"url\":\"https:\/\/congressoabrisco.com.br\/2023\/conferencia\/diretrizes-para-a-elaboracao-de-resumos\/\",\"name\":\"Diretrizes para Elabora\u00e7\u00e3o dos Resumos Estendidos - Congresso ABRISCO\",\"isPartOf\":{\"@id\":\"https:\/\/congressoabrisco.com.br\/2023\/#website\"},\"datePublished\":\"2019-04-17T19:52:45+00:00\",\"dateModified\":\"2023-05-14T14:27:15+00:00\",\"breadcrumb\":{\"@id\":\"https:\/\/congressoabrisco.com.br\/2023\/conferencia\/diretrizes-para-a-elaboracao-de-resumos\/#breadcrumb\"},\"inLanguage\":\"pt-BR\",\"potentialAction\":[{\"@type\":\"ReadAction\",\"target\":[\"https:\/\/congressoabrisco.com.br\/2023\/conferencia\/diretrizes-para-a-elaboracao-de-resumos\/\"]}]},{\"@type\":\"BreadcrumbList\",\"@id\":\"https:\/\/congressoabrisco.com.br\/2023\/conferencia\/diretrizes-para-a-elaboracao-de-resumos\/#breadcrumb\",\"itemListElement\":[{\"@type\":\"ListItem\",\"position\":1,\"name\":\"In\u00edcio\",\"item\":\"https:\/\/congressoabrisco.com.br\/2023\/\"},{\"@type\":\"ListItem\",\"position\":2,\"name\":\"Confer\u00eancia\",\"item\":\"https:\/\/congressoabrisco.com.br\/2023\/conferencia\/\"},{\"@type\":\"ListItem\",\"position\":3,\"name\":\"Diretrizes para Elabora\u00e7\u00e3o dos Resumos Estendidos\"}]},{\"@type\":\"WebSite\",\"@id\":\"https:\/\/congressoabrisco.com.br\/2023\/#website\",\"url\":\"https:\/\/congressoabrisco.com.br\/2023\/\",\"name\":\"Congresso ABRISCO\",\"description\":\"\",\"publisher\":{\"@id\":\"https:\/\/congressoabrisco.com.br\/2023\/#organization\"},\"potentialAction\":[{\"@type\":\"SearchAction\",\"target\":{\"@type\":\"EntryPoint\",\"urlTemplate\":\"https:\/\/congressoabrisco.com.br\/2023\/?s={search_term_string}\"},\"query-input\":\"required name=search_term_string\"}],\"inLanguage\":\"pt-BR\"},{\"@type\":\"Organization\",\"@id\":\"https:\/\/congressoabrisco.com.br\/2023\/#organization\",\"name\":\"Congresso ABRISCO\",\"url\":\"https:\/\/congressoabrisco.com.br\/2023\/\",\"logo\":{\"@type\":\"ImageObject\",\"inLanguage\":\"pt-BR\",\"@id\":\"https:\/\/congressoabrisco.com.br\/2023\/#\/schema\/logo\/image\/\",\"url\":\"https:\/\/congressoabrisco.com.br\/2023\/src\/uploads\/2019\/03\/logo-retina.png\",\"contentUrl\":\"https:\/\/congressoabrisco.com.br\/2023\/src\/uploads\/2019\/03\/logo-retina.png\",\"width\":285,\"height\":108,\"caption\":\"Congresso ABRISCO\"},\"image\":{\"@id\":\"https:\/\/congressoabrisco.com.br\/2023\/#\/schema\/logo\/image\/\"}}]}<\/script>\n<!-- \/ Yoast SEO plugin. -->","yoast_head_json":{"title":"Diretrizes para Elabora\u00e7\u00e3o dos Resumos Estendidos - Congresso ABRISCO","robots":{"index":"index","follow":"follow","max-snippet":"max-snippet:-1","max-image-preview":"max-image-preview:large","max-video-preview":"max-video-preview:-1"},"canonical":"https:\/\/congressoabrisco.com.br\/2023\/conferencia\/diretrizes-para-a-elaboracao-de-resumos\/","og_locale":"pt_BR","og_type":"article","og_title":"Diretrizes para Elabora\u00e7\u00e3o dos Resumos Estendidos - Congresso ABRISCO","og_description":"[\u2026]","og_url":"https:\/\/congressoabrisco.com.br\/2023\/conferencia\/diretrizes-para-a-elaboracao-de-resumos\/","og_site_name":"Congresso ABRISCO","article_modified_time":"2023-05-14T14:27:15+00:00","twitter_card":"summary_large_image","twitter_misc":{"Est. tempo de leitura":"7 minutos"},"schema":{"@context":"https:\/\/schema.org","@graph":[{"@type":"WebPage","@id":"https:\/\/congressoabrisco.com.br\/2023\/conferencia\/diretrizes-para-a-elaboracao-de-resumos\/","url":"https:\/\/congressoabrisco.com.br\/2023\/conferencia\/diretrizes-para-a-elaboracao-de-resumos\/","name":"Diretrizes para Elabora\u00e7\u00e3o dos Resumos Estendidos - Congresso ABRISCO","isPartOf":{"@id":"https:\/\/congressoabrisco.com.br\/2023\/#website"},"datePublished":"2019-04-17T19:52:45+00:00","dateModified":"2023-05-14T14:27:15+00:00","breadcrumb":{"@id":"https:\/\/congressoabrisco.com.br\/2023\/conferencia\/diretrizes-para-a-elaboracao-de-resumos\/#breadcrumb"},"inLanguage":"pt-BR","potentialAction":[{"@type":"ReadAction","target":["https:\/\/congressoabrisco.com.br\/2023\/conferencia\/diretrizes-para-a-elaboracao-de-resumos\/"]}]},{"@type":"BreadcrumbList","@id":"https:\/\/congressoabrisco.com.br\/2023\/conferencia\/diretrizes-para-a-elaboracao-de-resumos\/#breadcrumb","itemListElement":[{"@type":"ListItem","position":1,"name":"In\u00edcio","item":"https:\/\/congressoabrisco.com.br\/2023\/"},{"@type":"ListItem","position":2,"name":"Confer\u00eancia","item":"https:\/\/congressoabrisco.com.br\/2023\/conferencia\/"},{"@type":"ListItem","position":3,"name":"Diretrizes para Elabora\u00e7\u00e3o dos Resumos Estendidos"}]},{"@type":"WebSite","@id":"https:\/\/congressoabrisco.com.br\/2023\/#website","url":"https:\/\/congressoabrisco.com.br\/2023\/","name":"Congresso ABRISCO","description":"","publisher":{"@id":"https:\/\/congressoabrisco.com.br\/2023\/#organization"},"potentialAction":[{"@type":"SearchAction","target":{"@type":"EntryPoint","urlTemplate":"https:\/\/congressoabrisco.com.br\/2023\/?s={search_term_string}"},"query-input":"required name=search_term_string"}],"inLanguage":"pt-BR"},{"@type":"Organization","@id":"https:\/\/congressoabrisco.com.br\/2023\/#organization","name":"Congresso ABRISCO","url":"https:\/\/congressoabrisco.com.br\/2023\/","logo":{"@type":"ImageObject","inLanguage":"pt-BR","@id":"https:\/\/congressoabrisco.com.br\/2023\/#\/schema\/logo\/image\/","url":"https:\/\/congressoabrisco.com.br\/2023\/src\/uploads\/2019\/03\/logo-retina.png","contentUrl":"https:\/\/congressoabrisco.com.br\/2023\/src\/uploads\/2019\/03\/logo-retina.png","width":285,"height":108,"caption":"Congresso ABRISCO"},"image":{"@id":"https:\/\/congressoabrisco.com.br\/2023\/#\/schema\/logo\/image\/"}}]}},"_links":{"self":[{"href":"https:\/\/congressoabrisco.com.br\/2023\/wp-json\/wp\/v2\/pages\/253"}],"collection":[{"href":"https:\/\/congressoabrisco.com.br\/2023\/wp-json\/wp\/v2\/pages"}],"about":[{"href":"https:\/\/congressoabrisco.com.br\/2023\/wp-json\/wp\/v2\/types\/page"}],"author":[{"embeddable":true,"href":"https:\/\/congressoabrisco.com.br\/2023\/wp-json\/wp\/v2\/users\/1"}],"replies":[{"embeddable":true,"href":"https:\/\/congressoabrisco.com.br\/2023\/wp-json\/wp\/v2\/comments?post=253"}],"version-history":[{"count":4,"href":"https:\/\/congressoabrisco.com.br\/2023\/wp-json\/wp\/v2\/pages\/253\/revisions"}],"predecessor-version":[{"id":6304,"href":"https:\/\/congressoabrisco.com.br\/2023\/wp-json\/wp\/v2\/pages\/253\/revisions\/6304"}],"up":[{"embeddable":true,"href":"https:\/\/congressoabrisco.com.br\/2023\/wp-json\/wp\/v2\/pages\/151"}],"wp:attachment":[{"href":"https:\/\/congressoabrisco.com.br\/2023\/wp-json\/wp\/v2\/media?parent=253"}],"curies":[{"name":"wp","href":"https:\/\/api.w.org\/{rel}","templated":true}]}}