{"id":579,"date":"2019-11-13T17:40:11","date_gmt":"2019-11-13T19:40:11","guid":{"rendered":"https:\/\/congressoabrisco.com.br\/2021?page_id=579"},"modified":"2021-09-29T12:38:26","modified_gmt":"2021-09-29T15:38:26","slug":"modelo-de-apresentacao","status":"publish","type":"page","link":"https:\/\/congressoabrisco.com.br\/2021\/conferencia\/modelo-de-apresentacao\/","title":{"rendered":"Apresenta\u00e7\u00f5es e Modelo de apresenta\u00e7\u00e3o"},"content":{"rendered":"<ol>\n<li class=\"m_-4332104032659642293MsoListParagraph\"><span lang=\"PT-BR\">O template da ABRISCO \u00e9 opcional<u><\/u><\/span><\/li>\n<li class=\"m_-4332104032659642293MsoListParagraph\"><u><\/u><span lang=\"PT-BR\">Tempo de apresenta\u00e7\u00e3o: 20 minutos<u><\/u><u><\/u><\/span><\/li>\n<li class=\"m_-4332104032659642293MsoListParagraph\"><u><\/u><span lang=\"PT-BR\">Tempo de perguntas e respostas: 10 minutos<\/span><\/li>\n<\/ol>\n<p>&nbsp;<\/p>\n<a class=\"button button_theme button_full_width button_size_2 button_dark\" href=\"https:\/\/congressoabrisco.com.br\/2021\/src\/uploads\/2021\/09\/base-ppt-congresso-abrisco-2021.pptx\" target=\"_blank\"   ><span class=\"button_label\">Baixar modelo de apresenta\u00e7\u00e3o PPT<\/span><\/a>\n\n<p>&nbsp;<\/p>\n<p><img decoding=\"async\" class=\"alignnone size-full wp-image-3068\" src=\"https:\/\/congressoabrisco.com.br\/2021\/src\/uploads\/2021\/09\/modelo-ppt.jpg\" alt=\"\" width=\"525\" height=\"211\" srcset=\"https:\/\/congressoabrisco.com.br\/2021\/src\/uploads\/2021\/09\/modelo-ppt.jpg 525w, https:\/\/congressoabrisco.com.br\/2021\/src\/uploads\/2021\/09\/modelo-ppt-300x121.jpg 300w, https:\/\/congressoabrisco.com.br\/2021\/src\/uploads\/2021\/09\/modelo-ppt-260x104.jpg 260w, https:\/\/congressoabrisco.com.br\/2021\/src\/uploads\/2021\/09\/modelo-ppt-50x20.jpg 50w, https:\/\/congressoabrisco.com.br\/2021\/src\/uploads\/2021\/09\/modelo-ppt-150x60.jpg 150w\" sizes=\"(max-width: 525px) 100vw, 525px\" \/><\/p>\n","protected":false},"excerpt":{"rendered":"<p><span class=\"excerpt-hellip\"> [\u2026]<\/span><\/p>\n","protected":false},"author":1,"featured_media":0,"parent":151,"menu_order":0,"comment_status":"closed","ping_status":"closed","template":"","meta":[],"yoast_head":"<!-- This site is optimized with the Yoast SEO plugin v20.3 - https:\/\/yoast.com\/wordpress\/plugins\/seo\/ -->\n<title>Apresenta\u00e7\u00f5es e Modelo de apresenta\u00e7\u00e3o - Congresso ABRISCO<\/title>\n<meta name=\"robots\" content=\"index, follow, max-snippet:-1, max-image-preview:large, max-video-preview:-1\" \/>\n<link rel=\"canonical\" href=\"https:\/\/congressoabrisco.com.br\/2021\/conferencia\/modelo-de-apresentacao\/\" \/>\n<meta property=\"og:locale\" content=\"pt_BR\" \/>\n<meta property=\"og:type\" content=\"article\" \/>\n<meta property=\"og:title\" content=\"Apresenta\u00e7\u00f5es e Modelo de apresenta\u00e7\u00e3o - Congresso ABRISCO\" \/>\n<meta property=\"og:description\" content=\"[\u2026]\" \/>\n<meta property=\"og:url\" content=\"https:\/\/congressoabrisco.com.br\/2021\/conferencia\/modelo-de-apresentacao\/\" \/>\n<meta property=\"og:site_name\" content=\"Congresso ABRISCO\" \/>\n<meta property=\"article:modified_time\" content=\"2021-09-29T15:38:26+00:00\" \/>\n<meta property=\"og:image\" content=\"https:\/\/congressoabrisco.com.br\/2021\/src\/uploads\/2021\/09\/modelo-ppt.jpg\" \/>\n<meta name=\"twitter:card\" content=\"summary_large_image\" \/>\n<meta name=\"twitter:label1\" content=\"Est. tempo de leitura\" \/>\n\t<meta name=\"twitter:data1\" content=\"1 minuto\" \/>\n<script type=\"application\/ld+json\" class=\"yoast-schema-graph\">{\"@context\":\"https:\/\/schema.org\",\"@graph\":[{\"@type\":\"WebPage\",\"@id\":\"https:\/\/congressoabrisco.com.br\/2021\/conferencia\/modelo-de-apresentacao\/\",\"url\":\"https:\/\/congressoabrisco.com.br\/2021\/conferencia\/modelo-de-apresentacao\/\",\"name\":\"Apresenta\u00e7\u00f5es e Modelo de apresenta\u00e7\u00e3o - Congresso ABRISCO\",\"isPartOf\":{\"@id\":\"https:\/\/congressoabrisco.com.br\/2021\/#website\"},\"datePublished\":\"2019-11-13T19:40:11+00:00\",\"dateModified\":\"2021-09-29T15:38:26+00:00\",\"breadcrumb\":{\"@id\":\"https:\/\/congressoabrisco.com.br\/2021\/conferencia\/modelo-de-apresentacao\/#breadcrumb\"},\"inLanguage\":\"pt-BR\",\"potentialAction\":[{\"@type\":\"ReadAction\",\"target\":[\"https:\/\/congressoabrisco.com.br\/2021\/conferencia\/modelo-de-apresentacao\/\"]}]},{\"@type\":\"BreadcrumbList\",\"@id\":\"https:\/\/congressoabrisco.com.br\/2021\/conferencia\/modelo-de-apresentacao\/#breadcrumb\",\"itemListElement\":[{\"@type\":\"ListItem\",\"position\":1,\"name\":\"In\u00edcio\",\"item\":\"https:\/\/congressoabrisco.com.br\/2021\/\"},{\"@type\":\"ListItem\",\"position\":2,\"name\":\"Confer\u00eancia\",\"item\":\"https:\/\/congressoabrisco.com.br\/2021\/conferencia\/\"},{\"@type\":\"ListItem\",\"position\":3,\"name\":\"Apresenta\u00e7\u00f5es e Modelo de apresenta\u00e7\u00e3o\"}]},{\"@type\":\"WebSite\",\"@id\":\"https:\/\/congressoabrisco.com.br\/2021\/#website\",\"url\":\"https:\/\/congressoabrisco.com.br\/2021\/\",\"name\":\"Congresso ABRISCO\",\"description\":\"\",\"publisher\":{\"@id\":\"https:\/\/congressoabrisco.com.br\/2021\/#organization\"},\"potentialAction\":[{\"@type\":\"SearchAction\",\"target\":{\"@type\":\"EntryPoint\",\"urlTemplate\":\"https:\/\/congressoabrisco.com.br\/2021\/?s={search_term_string}\"},\"query-input\":\"required name=search_term_string\"}],\"inLanguage\":\"pt-BR\"},{\"@type\":\"Organization\",\"@id\":\"https:\/\/congressoabrisco.com.br\/2021\/#organization\",\"name\":\"Congresso ABRISCO\",\"url\":\"https:\/\/congressoabrisco.com.br\/2021\/\",\"logo\":{\"@type\":\"ImageObject\",\"inLanguage\":\"pt-BR\",\"@id\":\"https:\/\/congressoabrisco.com.br\/2021\/#\/schema\/logo\/image\/\",\"url\":\"https:\/\/congressoabrisco.com.br\/2021\/src\/uploads\/2019\/03\/logo-retina.png\",\"contentUrl\":\"https:\/\/congressoabrisco.com.br\/2021\/src\/uploads\/2019\/03\/logo-retina.png\",\"width\":285,\"height\":108,\"caption\":\"Congresso ABRISCO\"},\"image\":{\"@id\":\"https:\/\/congressoabrisco.com.br\/2021\/#\/schema\/logo\/image\/\"}}]}<\/script>\n<!-- \/ Yoast SEO plugin. -->","yoast_head_json":{"title":"Apresenta\u00e7\u00f5es e Modelo de apresenta\u00e7\u00e3o - Congresso ABRISCO","robots":{"index":"index","follow":"follow","max-snippet":"max-snippet:-1","max-image-preview":"max-image-preview:large","max-video-preview":"max-video-preview:-1"},"canonical":"https:\/\/congressoabrisco.com.br\/2021\/conferencia\/modelo-de-apresentacao\/","og_locale":"pt_BR","og_type":"article","og_title":"Apresenta\u00e7\u00f5es e Modelo de apresenta\u00e7\u00e3o - Congresso ABRISCO","og_description":"[\u2026]","og_url":"https:\/\/congressoabrisco.com.br\/2021\/conferencia\/modelo-de-apresentacao\/","og_site_name":"Congresso ABRISCO","article_modified_time":"2021-09-29T15:38:26+00:00","og_image":[{"url":"https:\/\/congressoabrisco.com.br\/2021\/src\/uploads\/2021\/09\/modelo-ppt.jpg"}],"twitter_card":"summary_large_image","twitter_misc":{"Est. tempo de leitura":"1 minuto"},"schema":{"@context":"https:\/\/schema.org","@graph":[{"@type":"WebPage","@id":"https:\/\/congressoabrisco.com.br\/2021\/conferencia\/modelo-de-apresentacao\/","url":"https:\/\/congressoabrisco.com.br\/2021\/conferencia\/modelo-de-apresentacao\/","name":"Apresenta\u00e7\u00f5es e Modelo de apresenta\u00e7\u00e3o - Congresso ABRISCO","isPartOf":{"@id":"https:\/\/congressoabrisco.com.br\/2021\/#website"},"datePublished":"2019-11-13T19:40:11+00:00","dateModified":"2021-09-29T15:38:26+00:00","breadcrumb":{"@id":"https:\/\/congressoabrisco.com.br\/2021\/conferencia\/modelo-de-apresentacao\/#breadcrumb"},"inLanguage":"pt-BR","potentialAction":[{"@type":"ReadAction","target":["https:\/\/congressoabrisco.com.br\/2021\/conferencia\/modelo-de-apresentacao\/"]}]},{"@type":"BreadcrumbList","@id":"https:\/\/congressoabrisco.com.br\/2021\/conferencia\/modelo-de-apresentacao\/#breadcrumb","itemListElement":[{"@type":"ListItem","position":1,"name":"In\u00edcio","item":"https:\/\/congressoabrisco.com.br\/2021\/"},{"@type":"ListItem","position":2,"name":"Confer\u00eancia","item":"https:\/\/congressoabrisco.com.br\/2021\/conferencia\/"},{"@type":"ListItem","position":3,"name":"Apresenta\u00e7\u00f5es e Modelo de apresenta\u00e7\u00e3o"}]},{"@type":"WebSite","@id":"https:\/\/congressoabrisco.com.br\/2021\/#website","url":"https:\/\/congressoabrisco.com.br\/2021\/","name":"Congresso ABRISCO","description":"","publisher":{"@id":"https:\/\/congressoabrisco.com.br\/2021\/#organization"},"potentialAction":[{"@type":"SearchAction","target":{"@type":"EntryPoint","urlTemplate":"https:\/\/congressoabrisco.com.br\/2021\/?s={search_term_string}"},"query-input":"required name=search_term_string"}],"inLanguage":"pt-BR"},{"@type":"Organization","@id":"https:\/\/congressoabrisco.com.br\/2021\/#organization","name":"Congresso ABRISCO","url":"https:\/\/congressoabrisco.com.br\/2021\/","logo":{"@type":"ImageObject","inLanguage":"pt-BR","@id":"https:\/\/congressoabrisco.com.br\/2021\/#\/schema\/logo\/image\/","url":"https:\/\/congressoabrisco.com.br\/2021\/src\/uploads\/2019\/03\/logo-retina.png","contentUrl":"https:\/\/congressoabrisco.com.br\/2021\/src\/uploads\/2019\/03\/logo-retina.png","width":285,"height":108,"caption":"Congresso ABRISCO"},"image":{"@id":"https:\/\/congressoabrisco.com.br\/2021\/#\/schema\/logo\/image\/"}}]}},"_links":{"self":[{"href":"https:\/\/congressoabrisco.com.br\/2021\/wp-json\/wp\/v2\/pages\/579"}],"collection":[{"href":"https:\/\/congressoabrisco.com.br\/2021\/wp-json\/wp\/v2\/pages"}],"about":[{"href":"https:\/\/congressoabrisco.com.br\/2021\/wp-json\/wp\/v2\/types\/page"}],"author":[{"embeddable":true,"href":"https:\/\/congressoabrisco.com.br\/2021\/wp-json\/wp\/v2\/users\/1"}],"replies":[{"embeddable":true,"href":"https:\/\/congressoabrisco.com.br\/2021\/wp-json\/wp\/v2\/comments?post=579"}],"version-history":[{"count":0,"href":"https:\/\/congressoabrisco.com.br\/2021\/wp-json\/wp\/v2\/pages\/579\/revisions"}],"up":[{"embeddable":true,"href":"https:\/\/congressoabrisco.com.br\/2021\/wp-json\/wp\/v2\/pages\/151"}],"wp:attachment":[{"href":"https:\/\/congressoabrisco.com.br\/2021\/wp-json\/wp\/v2\/media?parent=579"}],"curies":[{"name":"wp","href":"https:\/\/api.w.org\/{rel}","templated":true}]}}