{"id":192,"date":"2019-04-14T21:49:03","date_gmt":"2019-04-15T00:49:03","guid":{"rendered":"https:\/\/congressoabrisco.com.br\/2021?page_id=192"},"modified":"2021-09-29T20:01:56","modified_gmt":"2021-09-29T23:01:56","slug":"passo-a-passo-para-envio-dos-trabalhos","status":"publish","type":"page","link":"https:\/\/congressoabrisco.com.br\/2021\/conferencia\/passo-a-passo-para-envio-dos-trabalhos\/","title":{"rendered":"Passo a passo para envio dos trabalhos"},"content":{"rendered":"<ol>\n<li>Fazer o cadastro<\/li>\n<li>Submeter uma <span style=\"font-weight: 400;\">sinopse <\/span>para avalia\u00e7\u00e3o<\/li>\n<li>Ap\u00f3s aprova\u00e7\u00e3o, anexar o trabalho final<\/li>\n<li>Fazer a inscri\u00e7\u00e3o no Congresso<\/li>\n<\/ol>\n<hr \/>\n<h2 class=\"title-sm\">Cadastro<\/h2>\n<p>O cadastro pode ser feito <a href=\"https:\/\/abstracts.congressoabrisco.com.br\/\">nesse link<\/a>. Basta entrar com os dados necess\u00e1rios e criar sua senha. Ser\u00e1 enviado um e-mail para ativa\u00e7\u00e3o do seu cadastro. Opcionalmente \u00e9 poss\u00edvel fazer o login com uma conta do Google ou Facebook de forma segura sem a necessidade de criar uma senha.<\/p>\n<p>Ap\u00f3s completar o processo de ativa\u00e7\u00e3o do cadastro, basta acessar o <a href=\"https:\/\/abstracts.congressoabrisco.com.br\/\">sistema de gest\u00e3o de trabalhos<\/a>\u00a0e fazer o login para gerenciar seus trabalhos.<\/p>\n<p>&nbsp;<\/p>\n<h2 class=\"title-sm\">Submiss\u00e3o de trabalhos<\/h2>\n<p>A submiss\u00e3o de trabalhos \u00e9 feita em duas partes:<\/p>\n<ol>\n<li>Envio da <span style=\"font-weight: 400;\">sinopse <\/span>e<\/li>\n<li>Envio do trabalho final.<\/li>\n<\/ol>\n<h3>Envio da <span style=\"font-weight: 400;\">sinopse<\/span><\/h3>\n<p>Acesse o <a href=\"https:\/\/abstracts.congressoabrisco.com.br\/\">sistema de gest\u00e3o de trabalhos<\/a>, fa\u00e7a o login e em &#8220;Sinopses&#8221; clique no bot\u00e3o &#8220;<strong>Nova sinopse<\/strong>&#8220;.<br \/>\nPreencha os campos: t\u00edtulo, t\u00f3pico, resumo (m\u00e1ximo de 500 palavras), autor(es) e apresentador(es). Ver <a href=\"https:\/\/congressoabrisco.com.br\/2021conferencia\/diretrizes-para-a-elaboracao-de-trabalhos\/\">diretrizes de formata\u00e7\u00e3o dos trabalhos<\/a>.<\/p>\n<p>Seu trabalho ser\u00e1 enviado para um revisor que poder\u00e1 aprov\u00e1-lo ou rejeit\u00e1-lo.<\/p>\n<p>Se for rejeitado, voc\u00ea receber\u00e1 um e-mail para fazer as corre\u00e7\u00f5es e aguardar por nova revis\u00e3o.<\/p>\n<p>Se for aprovado, voc\u00ea receber\u00e1 um e-mail para anexar o trabalho final.<\/p>\n<h3>Envio do trabalho final<\/h3>\n<p>Quando voc\u00ea receber o e-mail de aprova\u00e7\u00e3o da sinopse, entre no <a href=\"https:\/\/abstracts.congressoabrisco.com.br\/\">sistema de gest\u00e3o de trabalhos<\/a>\u00a0e fa\u00e7a seu login.<\/p>\n<p>Os trabalhos que estiverem com status &#8220;Sinopse aprovada&#8221; poder\u00e3o ser atualizados com os trabalhos finais.<\/p>\n<p>Clique em &#8220;editar&#8221; e anexe o trabalho final seguindo as <a href=\"https:\/\/congressoabrisco.com.br\/2021conferencia\/diretrizes-para-a-elaboracao-de-trabalhos\/\">diretrizes de formata\u00e7\u00e3o<\/a> e aguarde a revis\u00e3o.<\/p>\n<h2 class=\"title-sm\">Inscri\u00e7\u00e3o no Congresso<\/h2>\n<div>Para o trabalho estar incluso na Programa\u00e7\u00e3o do Congresso, ao menos um dos autores deve estar inscrito no Congresso. Como de costume em eventos virtuais, cada inscri\u00e7\u00e3o permite a publica\u00e7\u00e3o de at\u00e9 2 artigos\/resumos estendidos.<\/div>\n<div>\u00c9 importante que o e-mail usado no cadastro seja o mesmo do informado no registro do trabalho, no site do Congresso.<\/div>\n<div><\/div>\n<div><a class=\"btn btn-primary\" href=\"https:\/\/abstracts.congressoabrisco.com.br\/login?redirect=register1\">Fazer inscri\u00e7\u00e3o no Congresso<\/a><\/div>\n<p>&nbsp;<\/p>\n","protected":false},"excerpt":{"rendered":"<p><!-- A inscri\u00e7\u00e3o pode ser feita neste link. Pague a inscri\u00e7\u00e3o da forma que for mais conveniente e aguarde mais informa\u00e7\u00f5es no seu e-mail. --><\/p>\n","protected":false},"author":1,"featured_media":0,"parent":151,"menu_order":0,"comment_status":"closed","ping_status":"closed","template":"","meta":[],"yoast_head":"<!-- This site is optimized with the Yoast SEO plugin v20.3 - https:\/\/yoast.com\/wordpress\/plugins\/seo\/ -->\n<title>Passo a passo para envio dos trabalhos - Congresso ABRISCO<\/title>\n<meta name=\"robots\" content=\"index, follow, max-snippet:-1, max-image-preview:large, max-video-preview:-1\" \/>\n<link rel=\"canonical\" href=\"https:\/\/congressoabrisco.com.br\/2021\/conferencia\/passo-a-passo-para-envio-dos-trabalhos\/\" \/>\n<meta property=\"og:locale\" content=\"pt_BR\" \/>\n<meta property=\"og:type\" content=\"article\" \/>\n<meta property=\"og:title\" content=\"Passo a passo para envio dos trabalhos - Congresso ABRISCO\" \/>\n<meta property=\"og:url\" content=\"https:\/\/congressoabrisco.com.br\/2021\/conferencia\/passo-a-passo-para-envio-dos-trabalhos\/\" \/>\n<meta property=\"og:site_name\" content=\"Congresso ABRISCO\" \/>\n<meta property=\"article:modified_time\" content=\"2021-09-29T23:01:56+00:00\" \/>\n<meta name=\"twitter:card\" content=\"summary_large_image\" \/>\n<meta name=\"twitter:label1\" content=\"Est. tempo de leitura\" \/>\n\t<meta name=\"twitter:data1\" content=\"2 minutos\" \/>\n<script type=\"application\/ld+json\" class=\"yoast-schema-graph\">{\"@context\":\"https:\/\/schema.org\",\"@graph\":[{\"@type\":\"WebPage\",\"@id\":\"https:\/\/congressoabrisco.com.br\/2021\/conferencia\/passo-a-passo-para-envio-dos-trabalhos\/\",\"url\":\"https:\/\/congressoabrisco.com.br\/2021\/conferencia\/passo-a-passo-para-envio-dos-trabalhos\/\",\"name\":\"Passo a passo para envio dos trabalhos - Congresso ABRISCO\",\"isPartOf\":{\"@id\":\"https:\/\/congressoabrisco.com.br\/2021\/#website\"},\"datePublished\":\"2019-04-15T00:49:03+00:00\",\"dateModified\":\"2021-09-29T23:01:56+00:00\",\"breadcrumb\":{\"@id\":\"https:\/\/congressoabrisco.com.br\/2021\/conferencia\/passo-a-passo-para-envio-dos-trabalhos\/#breadcrumb\"},\"inLanguage\":\"pt-BR\",\"potentialAction\":[{\"@type\":\"ReadAction\",\"target\":[\"https:\/\/congressoabrisco.com.br\/2021\/conferencia\/passo-a-passo-para-envio-dos-trabalhos\/\"]}]},{\"@type\":\"BreadcrumbList\",\"@id\":\"https:\/\/congressoabrisco.com.br\/2021\/conferencia\/passo-a-passo-para-envio-dos-trabalhos\/#breadcrumb\",\"itemListElement\":[{\"@type\":\"ListItem\",\"position\":1,\"name\":\"In\u00edcio\",\"item\":\"https:\/\/congressoabrisco.com.br\/2021\/\"},{\"@type\":\"ListItem\",\"position\":2,\"name\":\"Confer\u00eancia\",\"item\":\"https:\/\/congressoabrisco.com.br\/2021\/conferencia\/\"},{\"@type\":\"ListItem\",\"position\":3,\"name\":\"Passo a passo para envio dos trabalhos\"}]},{\"@type\":\"WebSite\",\"@id\":\"https:\/\/congressoabrisco.com.br\/2021\/#website\",\"url\":\"https:\/\/congressoabrisco.com.br\/2021\/\",\"name\":\"Congresso ABRISCO\",\"description\":\"\",\"publisher\":{\"@id\":\"https:\/\/congressoabrisco.com.br\/2021\/#organization\"},\"potentialAction\":[{\"@type\":\"SearchAction\",\"target\":{\"@type\":\"EntryPoint\",\"urlTemplate\":\"https:\/\/congressoabrisco.com.br\/2021\/?s={search_term_string}\"},\"query-input\":\"required name=search_term_string\"}],\"inLanguage\":\"pt-BR\"},{\"@type\":\"Organization\",\"@id\":\"https:\/\/congressoabrisco.com.br\/2021\/#organization\",\"name\":\"Congresso ABRISCO\",\"url\":\"https:\/\/congressoabrisco.com.br\/2021\/\",\"logo\":{\"@type\":\"ImageObject\",\"inLanguage\":\"pt-BR\",\"@id\":\"https:\/\/congressoabrisco.com.br\/2021\/#\/schema\/logo\/image\/\",\"url\":\"https:\/\/congressoabrisco.com.br\/2021\/src\/uploads\/2019\/03\/logo-retina.png\",\"contentUrl\":\"https:\/\/congressoabrisco.com.br\/2021\/src\/uploads\/2019\/03\/logo-retina.png\",\"width\":285,\"height\":108,\"caption\":\"Congresso ABRISCO\"},\"image\":{\"@id\":\"https:\/\/congressoabrisco.com.br\/2021\/#\/schema\/logo\/image\/\"}}]}<\/script>\n<!-- \/ Yoast SEO plugin. -->","yoast_head_json":{"title":"Passo a passo para envio dos trabalhos - Congresso ABRISCO","robots":{"index":"index","follow":"follow","max-snippet":"max-snippet:-1","max-image-preview":"max-image-preview:large","max-video-preview":"max-video-preview:-1"},"canonical":"https:\/\/congressoabrisco.com.br\/2021\/conferencia\/passo-a-passo-para-envio-dos-trabalhos\/","og_locale":"pt_BR","og_type":"article","og_title":"Passo a passo para envio dos trabalhos - Congresso ABRISCO","og_url":"https:\/\/congressoabrisco.com.br\/2021\/conferencia\/passo-a-passo-para-envio-dos-trabalhos\/","og_site_name":"Congresso ABRISCO","article_modified_time":"2021-09-29T23:01:56+00:00","twitter_card":"summary_large_image","twitter_misc":{"Est. tempo de leitura":"2 minutos"},"schema":{"@context":"https:\/\/schema.org","@graph":[{"@type":"WebPage","@id":"https:\/\/congressoabrisco.com.br\/2021\/conferencia\/passo-a-passo-para-envio-dos-trabalhos\/","url":"https:\/\/congressoabrisco.com.br\/2021\/conferencia\/passo-a-passo-para-envio-dos-trabalhos\/","name":"Passo a passo para envio dos trabalhos - Congresso ABRISCO","isPartOf":{"@id":"https:\/\/congressoabrisco.com.br\/2021\/#website"},"datePublished":"2019-04-15T00:49:03+00:00","dateModified":"2021-09-29T23:01:56+00:00","breadcrumb":{"@id":"https:\/\/congressoabrisco.com.br\/2021\/conferencia\/passo-a-passo-para-envio-dos-trabalhos\/#breadcrumb"},"inLanguage":"pt-BR","potentialAction":[{"@type":"ReadAction","target":["https:\/\/congressoabrisco.com.br\/2021\/conferencia\/passo-a-passo-para-envio-dos-trabalhos\/"]}]},{"@type":"BreadcrumbList","@id":"https:\/\/congressoabrisco.com.br\/2021\/conferencia\/passo-a-passo-para-envio-dos-trabalhos\/#breadcrumb","itemListElement":[{"@type":"ListItem","position":1,"name":"In\u00edcio","item":"https:\/\/congressoabrisco.com.br\/2021\/"},{"@type":"ListItem","position":2,"name":"Confer\u00eancia","item":"https:\/\/congressoabrisco.com.br\/2021\/conferencia\/"},{"@type":"ListItem","position":3,"name":"Passo a passo para envio dos trabalhos"}]},{"@type":"WebSite","@id":"https:\/\/congressoabrisco.com.br\/2021\/#website","url":"https:\/\/congressoabrisco.com.br\/2021\/","name":"Congresso ABRISCO","description":"","publisher":{"@id":"https:\/\/congressoabrisco.com.br\/2021\/#organization"},"potentialAction":[{"@type":"SearchAction","target":{"@type":"EntryPoint","urlTemplate":"https:\/\/congressoabrisco.com.br\/2021\/?s={search_term_string}"},"query-input":"required name=search_term_string"}],"inLanguage":"pt-BR"},{"@type":"Organization","@id":"https:\/\/congressoabrisco.com.br\/2021\/#organization","name":"Congresso ABRISCO","url":"https:\/\/congressoabrisco.com.br\/2021\/","logo":{"@type":"ImageObject","inLanguage":"pt-BR","@id":"https:\/\/congressoabrisco.com.br\/2021\/#\/schema\/logo\/image\/","url":"https:\/\/congressoabrisco.com.br\/2021\/src\/uploads\/2019\/03\/logo-retina.png","contentUrl":"https:\/\/congressoabrisco.com.br\/2021\/src\/uploads\/2019\/03\/logo-retina.png","width":285,"height":108,"caption":"Congresso ABRISCO"},"image":{"@id":"https:\/\/congressoabrisco.com.br\/2021\/#\/schema\/logo\/image\/"}}]}},"_links":{"self":[{"href":"https:\/\/congressoabrisco.com.br\/2021\/wp-json\/wp\/v2\/pages\/192"}],"collection":[{"href":"https:\/\/congressoabrisco.com.br\/2021\/wp-json\/wp\/v2\/pages"}],"about":[{"href":"https:\/\/congressoabrisco.com.br\/2021\/wp-json\/wp\/v2\/types\/page"}],"author":[{"embeddable":true,"href":"https:\/\/congressoabrisco.com.br\/2021\/wp-json\/wp\/v2\/users\/1"}],"replies":[{"embeddable":true,"href":"https:\/\/congressoabrisco.com.br\/2021\/wp-json\/wp\/v2\/comments?post=192"}],"version-history":[{"count":0,"href":"https:\/\/congressoabrisco.com.br\/2021\/wp-json\/wp\/v2\/pages\/192\/revisions"}],"up":[{"embeddable":true,"href":"https:\/\/congressoabrisco.com.br\/2021\/wp-json\/wp\/v2\/pages\/151"}],"wp:attachment":[{"href":"https:\/\/congressoabrisco.com.br\/2021\/wp-json\/wp\/v2\/media?parent=192"}],"curies":[{"name":"wp","href":"https:\/\/api.w.org\/{rel}","templated":true}]}}