{"id":159,"date":"2019-04-12T15:59:23","date_gmt":"2019-04-12T18:59:23","guid":{"rendered":"https:\/\/congressoabrisco.com.br\/2021?page_id=159"},"modified":"2021-04-27T22:02:54","modified_gmt":"2021-04-28T01:02:54","slug":"patrocinio","status":"publish","type":"page","link":"https:\/\/congressoabrisco.com.br\/2021\/patrocinio\/","title":{"rendered":"Patroc\u00ednio"},"content":{"rendered":"\r\n<h2>Quais os benef\u00edcios que recebe o Patrocinador?<\/h2>\r\n<ul>\r\n<li>Todas as empresas patrocinadoras receber\u00e3o uma lista de informa\u00e7\u00f5es e contatos dos participantes do evento.<\/li>\r\n<li>Voc\u00ea exp\u00f5e sua empresa\/organiza\u00e7\u00e3o para um seleto e qualificado grupo de especialistas brasileiros e estrangeiros, divulgando de forma eficiente a marca da sua empresa.<\/li>\r\n<li>Voc\u00ea gera novos contatos e renova o interesse pelos produtos e servi\u00e7os da sua empresa.<\/li>\r\n<li>Voc\u00ea demonstra o apoio ativo da sua empresa para um grupo de excel\u00eancia nas \u00e1reas de an\u00e1lise de risco, seguran\u00e7a de processos e confiabilidade, reafirmando o comprometimento da mesma com tais aspectos de gest\u00e3o.<\/li>\r\n<\/ul>\r\n<p>Escolha seu n\u00edvel de patroc\u00ednio entre as v\u00e1rias categorias de patroc\u00ednio abaixo.<\/p>\r\n<h3>Categorias de Patroc\u00ednio<\/h3>\r\n<h4>Categoria OURO &#8211; Valor do investimento: R$ 40.000,00<\/h4>\r\n<p>A Patrocinadora na Categoria Ouro ter\u00e1 direito \u00e0:<\/p>\r\n<ul>\r\n<li>V\u00eddeo institucional produzido pelo patrocinador a ser exibido no in\u00edcio de cada dia do congresso e no encerramento<\/li>\r\n<li>Exposi\u00e7\u00e3o sobre a empresa de 10 minutos na abertura do congresso<\/li>\r\n<li>Modera\u00e7\u00e3o de 1 painel<\/li>\r\n<li>Men\u00e7\u00e3o do patroc\u00ednio no discurso de abertura do evento e no encerramento<\/li>\r\n<li>Nos intervalos das sess\u00f5es t\u00e9cnicas, vinheta com logomarca do patrocinador<\/li>\r\n<li>Logomarca no website<\/li>\r\n<li>Logomarca nos e-mails de marketing<\/li>\r\n<li>Posts nas redes sociais com men\u00e7\u00e3o ao patroc\u00ednio<\/li>\r\n<li>Stand virtual<\/li>\r\n<li>16 (dezesseis) inscri\u00e7\u00f5es gratuitas para o evento<\/li>\r\n<\/ul>\r\n<h4>Categoria\u00a0PRATA &#8211; Valor do investimento: R$ 20.000,00<\/h4>\r\n<p>A Patrocinadora na Categoria Prata ter\u00e1 direito \u00e0:<\/p>\r\n<ul>\r\n<li>V\u00eddeo institucional produzido pelo patrocinador a ser exibido no in\u00edcio do primeiro dia do congresso e no encerramento<\/li>\r\n<li>Men\u00e7\u00e3o do patroc\u00ednio no discurso de abertura do evento e no encerramento<\/li>\r\n<li>Nos intervalos das sess\u00f5es t\u00e9cnicas, vinheta com logomarca do patrocinador<\/li>\r\n<li>Logomarca no website<\/li>\r\n<li>Logomarca nos e-mails de marketing<\/li>\r\n<li>Posts nas redes sociais com men\u00e7\u00e3o ao patroc\u00ednio<\/li>\r\n<li>8 (dez) inscri\u00e7\u00f5es gratuitas para o evento<\/li>\r\n<\/ul>\r\n<h4>Categoria\u00a0BRONZE &#8211; Valor do investimento: R$ 10.000,00<\/h4>\r\n<p>A Patrocinadora na Categoria Bronze ter\u00e1 direito \u00e0:<\/p>\r\n<ul>\r\n<li>Men\u00e7\u00e3o do patroc\u00ednio no discurso de abertura do evento e no encerramento<\/li>\r\n<li>Nos intervalos das sess\u00f5es t\u00e9cnicas, vinheta com logomarca do patrocinador<\/li>\r\n<li>Logomarca no website <\/li>\r\n<li>Logomarca nos e-mails de marketing<\/li>\r\n<li>Posts nas redes sociais com men\u00e7\u00e3o ao patroc\u00ednio<\/li>\r\n<li>4 (quatro) inscri\u00e7\u00f5es gratuitas para o evento<\/li>\r\n<\/ul>\r\n<p>&nbsp;<\/p>\r\n\r\n\r\n\r\n<h3>Modelo t\u00edpico de contrato de Patroc\u00ednio para Congresso ABRISCO 2021<\/h3>\r\n<p><strong>Nota:<\/strong>\u00a0\u00a0Para perguntas e informa\u00e7\u00f5es adicionais relacionadas a esses patroc\u00ednios, por favor contate ABRISCO atrav\u00e9s do e-mail\u00a0<span id=\"cloak2b18bba639560cd8a6602adf7821f057\"><a href=\"mailto:renatomendes@abrisco.com.br\">renatomendes@abrisco.com.br<\/a><\/span>. Consulte tamb\u00e9m as minutas de contrato para cada uma das categorias de patroc\u00ednio dispon\u00edveis neste hotsite (indica\u00e7\u00f5es acima).<\/p>\r\n","protected":false},"excerpt":{"rendered":"<p><span class=\"excerpt-hellip\"> [\u2026]<\/span><\/p>\n","protected":false},"author":1,"featured_media":0,"parent":0,"menu_order":0,"comment_status":"closed","ping_status":"closed","template":"","meta":[],"yoast_head":"<!-- This site is optimized with the Yoast SEO plugin v20.3 - https:\/\/yoast.com\/wordpress\/plugins\/seo\/ -->\n<title>Patroc\u00ednio - Congresso ABRISCO<\/title>\n<meta name=\"robots\" content=\"index, follow, max-snippet:-1, max-image-preview:large, max-video-preview:-1\" \/>\n<link rel=\"canonical\" href=\"https:\/\/congressoabrisco.com.br\/2021\/patrocinio\/\" \/>\n<meta property=\"og:locale\" content=\"pt_BR\" \/>\n<meta property=\"og:type\" content=\"article\" \/>\n<meta property=\"og:title\" content=\"Patroc\u00ednio - Congresso ABRISCO\" \/>\n<meta property=\"og:description\" content=\"[\u2026]\" \/>\n<meta property=\"og:url\" content=\"https:\/\/congressoabrisco.com.br\/2021\/patrocinio\/\" \/>\n<meta property=\"og:site_name\" content=\"Congresso ABRISCO\" \/>\n<meta property=\"article:modified_time\" content=\"2021-04-28T01:02:54+00:00\" \/>\n<meta name=\"twitter:card\" content=\"summary_large_image\" \/>\n<meta name=\"twitter:label1\" content=\"Est. tempo de leitura\" \/>\n\t<meta name=\"twitter:data1\" content=\"2 minutos\" \/>\n<script type=\"application\/ld+json\" class=\"yoast-schema-graph\">{\"@context\":\"https:\/\/schema.org\",\"@graph\":[{\"@type\":\"WebPage\",\"@id\":\"https:\/\/congressoabrisco.com.br\/2021\/patrocinio\/\",\"url\":\"https:\/\/congressoabrisco.com.br\/2021\/patrocinio\/\",\"name\":\"Patroc\u00ednio - Congresso ABRISCO\",\"isPartOf\":{\"@id\":\"https:\/\/congressoabrisco.com.br\/2021\/#website\"},\"datePublished\":\"2019-04-12T18:59:23+00:00\",\"dateModified\":\"2021-04-28T01:02:54+00:00\",\"breadcrumb\":{\"@id\":\"https:\/\/congressoabrisco.com.br\/2021\/patrocinio\/#breadcrumb\"},\"inLanguage\":\"pt-BR\",\"potentialAction\":[{\"@type\":\"ReadAction\",\"target\":[\"https:\/\/congressoabrisco.com.br\/2021\/patrocinio\/\"]}]},{\"@type\":\"BreadcrumbList\",\"@id\":\"https:\/\/congressoabrisco.com.br\/2021\/patrocinio\/#breadcrumb\",\"itemListElement\":[{\"@type\":\"ListItem\",\"position\":1,\"name\":\"In\u00edcio\",\"item\":\"https:\/\/congressoabrisco.com.br\/2021\/\"},{\"@type\":\"ListItem\",\"position\":2,\"name\":\"Patroc\u00ednio\"}]},{\"@type\":\"WebSite\",\"@id\":\"https:\/\/congressoabrisco.com.br\/2021\/#website\",\"url\":\"https:\/\/congressoabrisco.com.br\/2021\/\",\"name\":\"Congresso ABRISCO\",\"description\":\"\",\"publisher\":{\"@id\":\"https:\/\/congressoabrisco.com.br\/2021\/#organization\"},\"potentialAction\":[{\"@type\":\"SearchAction\",\"target\":{\"@type\":\"EntryPoint\",\"urlTemplate\":\"https:\/\/congressoabrisco.com.br\/2021\/?s={search_term_string}\"},\"query-input\":\"required name=search_term_string\"}],\"inLanguage\":\"pt-BR\"},{\"@type\":\"Organization\",\"@id\":\"https:\/\/congressoabrisco.com.br\/2021\/#organization\",\"name\":\"Congresso ABRISCO\",\"url\":\"https:\/\/congressoabrisco.com.br\/2021\/\",\"logo\":{\"@type\":\"ImageObject\",\"inLanguage\":\"pt-BR\",\"@id\":\"https:\/\/congressoabrisco.com.br\/2021\/#\/schema\/logo\/image\/\",\"url\":\"https:\/\/congressoabrisco.com.br\/2021\/src\/uploads\/2019\/03\/logo-retina.png\",\"contentUrl\":\"https:\/\/congressoabrisco.com.br\/2021\/src\/uploads\/2019\/03\/logo-retina.png\",\"width\":285,\"height\":108,\"caption\":\"Congresso ABRISCO\"},\"image\":{\"@id\":\"https:\/\/congressoabrisco.com.br\/2021\/#\/schema\/logo\/image\/\"}}]}<\/script>\n<!-- \/ Yoast SEO plugin. -->","yoast_head_json":{"title":"Patroc\u00ednio - Congresso ABRISCO","robots":{"index":"index","follow":"follow","max-snippet":"max-snippet:-1","max-image-preview":"max-image-preview:large","max-video-preview":"max-video-preview:-1"},"canonical":"https:\/\/congressoabrisco.com.br\/2021\/patrocinio\/","og_locale":"pt_BR","og_type":"article","og_title":"Patroc\u00ednio - Congresso ABRISCO","og_description":"[\u2026]","og_url":"https:\/\/congressoabrisco.com.br\/2021\/patrocinio\/","og_site_name":"Congresso ABRISCO","article_modified_time":"2021-04-28T01:02:54+00:00","twitter_card":"summary_large_image","twitter_misc":{"Est. tempo de leitura":"2 minutos"},"schema":{"@context":"https:\/\/schema.org","@graph":[{"@type":"WebPage","@id":"https:\/\/congressoabrisco.com.br\/2021\/patrocinio\/","url":"https:\/\/congressoabrisco.com.br\/2021\/patrocinio\/","name":"Patroc\u00ednio - Congresso ABRISCO","isPartOf":{"@id":"https:\/\/congressoabrisco.com.br\/2021\/#website"},"datePublished":"2019-04-12T18:59:23+00:00","dateModified":"2021-04-28T01:02:54+00:00","breadcrumb":{"@id":"https:\/\/congressoabrisco.com.br\/2021\/patrocinio\/#breadcrumb"},"inLanguage":"pt-BR","potentialAction":[{"@type":"ReadAction","target":["https:\/\/congressoabrisco.com.br\/2021\/patrocinio\/"]}]},{"@type":"BreadcrumbList","@id":"https:\/\/congressoabrisco.com.br\/2021\/patrocinio\/#breadcrumb","itemListElement":[{"@type":"ListItem","position":1,"name":"In\u00edcio","item":"https:\/\/congressoabrisco.com.br\/2021\/"},{"@type":"ListItem","position":2,"name":"Patroc\u00ednio"}]},{"@type":"WebSite","@id":"https:\/\/congressoabrisco.com.br\/2021\/#website","url":"https:\/\/congressoabrisco.com.br\/2021\/","name":"Congresso ABRISCO","description":"","publisher":{"@id":"https:\/\/congressoabrisco.com.br\/2021\/#organization"},"potentialAction":[{"@type":"SearchAction","target":{"@type":"EntryPoint","urlTemplate":"https:\/\/congressoabrisco.com.br\/2021\/?s={search_term_string}"},"query-input":"required name=search_term_string"}],"inLanguage":"pt-BR"},{"@type":"Organization","@id":"https:\/\/congressoabrisco.com.br\/2021\/#organization","name":"Congresso ABRISCO","url":"https:\/\/congressoabrisco.com.br\/2021\/","logo":{"@type":"ImageObject","inLanguage":"pt-BR","@id":"https:\/\/congressoabrisco.com.br\/2021\/#\/schema\/logo\/image\/","url":"https:\/\/congressoabrisco.com.br\/2021\/src\/uploads\/2019\/03\/logo-retina.png","contentUrl":"https:\/\/congressoabrisco.com.br\/2021\/src\/uploads\/2019\/03\/logo-retina.png","width":285,"height":108,"caption":"Congresso ABRISCO"},"image":{"@id":"https:\/\/congressoabrisco.com.br\/2021\/#\/schema\/logo\/image\/"}}]}},"_links":{"self":[{"href":"https:\/\/congressoabrisco.com.br\/2021\/wp-json\/wp\/v2\/pages\/159"}],"collection":[{"href":"https:\/\/congressoabrisco.com.br\/2021\/wp-json\/wp\/v2\/pages"}],"about":[{"href":"https:\/\/congressoabrisco.com.br\/2021\/wp-json\/wp\/v2\/types\/page"}],"author":[{"embeddable":true,"href":"https:\/\/congressoabrisco.com.br\/2021\/wp-json\/wp\/v2\/users\/1"}],"replies":[{"embeddable":true,"href":"https:\/\/congressoabrisco.com.br\/2021\/wp-json\/wp\/v2\/comments?post=159"}],"version-history":[{"count":0,"href":"https:\/\/congressoabrisco.com.br\/2021\/wp-json\/wp\/v2\/pages\/159\/revisions"}],"wp:attachment":[{"href":"https:\/\/congressoabrisco.com.br\/2021\/wp-json\/wp\/v2\/media?parent=159"}],"curies":[{"name":"wp","href":"https:\/\/api.w.org\/{rel}","templated":true}]}}