{"id":135,"date":"2019-04-12T15:11:23","date_gmt":"2019-04-12T18:11:23","guid":{"rendered":"https:\/\/congressoabrisco.com.br\/2021?page_id=135"},"modified":"2021-01-14T13:28:55","modified_gmt":"2021-01-14T15:28:55","slug":"o-evento","status":"publish","type":"page","link":"https:\/\/congressoabrisco.com.br\/2021\/o-evento\/","title":{"rendered":"Sobre o evento"},"content":{"rendered":"\t\t<div data-elementor-type=\"wp-post\" data-elementor-id=\"135\" class=\"elementor elementor-135\">\n\t\t\t\t\t\t<div class=\"elementor-inner\">\n\t\t\t\t<div class=\"elementor-section-wrap\">\n\t\t\t\t\t\t\t\t\t<section class=\"elementor-section elementor-top-section elementor-element elementor-element-16be895 elementor-section-boxed elementor-section-height-default elementor-section-height-default\" data-id=\"16be895\" data-element_type=\"section\">\n\t\t\t\t\t\t<div class=\"elementor-container elementor-column-gap-default\">\n\t\t\t\t\t\t\t<div class=\"elementor-row\">\n\t\t\t\t\t<div class=\"elementor-column elementor-col-50 elementor-top-column elementor-element elementor-element-d4d2ebb\" data-id=\"d4d2ebb\" data-element_type=\"column\">\n\t\t\t<div class=\"elementor-column-wrap elementor-element-populated\">\n\t\t\t\t\t\t\t<div class=\"elementor-widget-wrap\">\n\t\t\t\t\t\t<div class=\"elementor-element elementor-element-67da6a3 elementor-widget elementor-widget-text-editor\" data-id=\"67da6a3\" data-element_type=\"widget\" data-widget_type=\"text-editor.default\">\n\t\t\t\t<div class=\"elementor-widget-container\">\n\t\t\t\t\t\t\t\t<div class=\"elementor-text-editor elementor-clearfix\">\n\t\t\t\t<h2>Quando<\/h2><p><span style=\"font-size: 18pt;\">22 a 24<\/span><br \/><span style=\"font-size: 18pt;\">novembro de 2021<\/span><\/p>\t\t\t\t\t<\/div>\n\t\t\t\t\t\t<\/div>\n\t\t\t\t<\/div>\n\t\t\t\t\t\t<\/div>\n\t\t\t\t\t<\/div>\n\t\t<\/div>\n\t\t\t\t<div class=\"elementor-column elementor-col-50 elementor-top-column elementor-element elementor-element-6835bfe\" data-id=\"6835bfe\" data-element_type=\"column\">\n\t\t\t<div class=\"elementor-column-wrap elementor-element-populated\">\n\t\t\t\t\t\t\t<div class=\"elementor-widget-wrap\">\n\t\t\t\t\t\t<div class=\"elementor-element elementor-element-544f13c elementor-widget elementor-widget-text-editor\" data-id=\"544f13c\" data-element_type=\"widget\" data-widget_type=\"text-editor.default\">\n\t\t\t\t<div class=\"elementor-widget-container\">\n\t\t\t\t\t\t\t\t<div class=\"elementor-text-editor elementor-clearfix\">\n\t\t\t\t<h2>Onde<\/h2><p><span style=\"font-size: 18pt;\">Formato virtual<\/span><br \/>Em breve mais informa\u00e7\u00f5es.<\/p><p>\u00a0<\/p>\t\t\t\t\t<\/div>\n\t\t\t\t\t\t<\/div>\n\t\t\t\t<\/div>\n\t\t\t\t\t\t<\/div>\n\t\t\t\t\t<\/div>\n\t\t<\/div>\n\t\t\t\t\t\t\t\t<\/div>\n\t\t\t\t\t<\/div>\n\t\t<\/section>\n\t\t\t\t<section class=\"elementor-section elementor-top-section elementor-element elementor-element-d5a8bbf elementor-section-stretched elementor-section-full_width elementor-section-content-middle elementor-section-height-default elementor-section-height-default\" data-id=\"d5a8bbf\" data-element_type=\"section\" data-settings=\"{&quot;stretch_section&quot;:&quot;section-stretched&quot;,&quot;background_background&quot;:&quot;classic&quot;}\">\n\t\t\t\t\t\t<div class=\"elementor-container elementor-column-gap-default\">\n\t\t\t\t\t\t\t<div class=\"elementor-row\">\n\t\t\t\t\t<div class=\"elementor-column elementor-col-33 elementor-top-column elementor-element elementor-element-f7de587\" data-id=\"f7de587\" data-element_type=\"column\" data-settings=\"{&quot;background_background&quot;:&quot;classic&quot;}\">\n\t\t\t<div class=\"elementor-column-wrap elementor-element-populated\">\n\t\t\t\t\t\t\t<div class=\"elementor-widget-wrap\">\n\t\t\t\t\t\t<div class=\"elementor-element elementor-element-3b4075a elementor-widget elementor-widget-spacer\" data-id=\"3b4075a\" data-element_type=\"widget\" data-widget_type=\"spacer.default\">\n\t\t\t\t<div class=\"elementor-widget-container\">\n\t\t\t\t\t<div class=\"elementor-spacer\">\n\t\t\t<div class=\"elementor-spacer-inner\"><\/div>\n\t\t<\/div>\n\t\t\t\t<\/div>\n\t\t\t\t<\/div>\n\t\t\t\t\t\t<\/div>\n\t\t\t\t\t<\/div>\n\t\t<\/div>\n\t\t\t\t<div class=\"elementor-column elementor-col-33 elementor-top-column elementor-element elementor-element-dfd1e36\" data-id=\"dfd1e36\" data-element_type=\"column\">\n\t\t\t<div class=\"elementor-column-wrap elementor-element-populated\">\n\t\t\t\t\t\t\t<div class=\"elementor-widget-wrap\">\n\t\t\t\t\t\t<div class=\"elementor-element elementor-element-b03828c elementor-widget elementor-widget-text-editor\" data-id=\"b03828c\" data-element_type=\"widget\" data-widget_type=\"text-editor.default\">\n\t\t\t\t<div class=\"elementor-widget-container\">\n\t\t\t\t\t\t\t\t<div class=\"elementor-text-editor elementor-clearfix\">\n\t\t\t\t<p>O Congresso ABRISCO 2021 \u00e9 constru\u00eddo com a experi\u00eancia bem-sucedida dos congressos anteriores: ABRISCO 2013, ABRISCO2015PSAM e ABRISCO 2017 e ABRISCO 2019, sendo este o 5\u00ba Congresso da Associa\u00e7\u00e3o Brasileira de An\u00e1lise de Risco, Seguran\u00e7a de Processo e Confiabilidade, realizado desde sua funda\u00e7\u00e3o, em dezembro de 2011. Estamos certos de que ser\u00e1 mais um sucesso.<\/p>\t\t\t\t\t<\/div>\n\t\t\t\t\t\t<\/div>\n\t\t\t\t<\/div>\n\t\t\t\t\t\t<\/div>\n\t\t\t\t\t<\/div>\n\t\t<\/div>\n\t\t\t\t<div class=\"elementor-column elementor-col-33 elementor-top-column elementor-element elementor-element-3f22246\" data-id=\"3f22246\" data-element_type=\"column\">\n\t\t\t<div class=\"elementor-column-wrap\">\n\t\t\t\t\t\t\t<div class=\"elementor-widget-wrap\">\n\t\t\t\t\t\t\t\t<\/div>\n\t\t\t\t\t<\/div>\n\t\t<\/div>\n\t\t\t\t\t\t\t\t<\/div>\n\t\t\t\t\t<\/div>\n\t\t<\/section>\n\t\t\t\t<section class=\"elementor-section elementor-top-section elementor-element elementor-element-05dc3ca elementor-section-boxed elementor-section-height-default elementor-section-height-default\" data-id=\"05dc3ca\" data-element_type=\"section\">\n\t\t\t\t\t\t<div class=\"elementor-container elementor-column-gap-default\">\n\t\t\t\t\t\t\t<div class=\"elementor-row\">\n\t\t\t\t\t<div class=\"elementor-column elementor-col-50 elementor-top-column elementor-element elementor-element-67ff70b\" data-id=\"67ff70b\" data-element_type=\"column\">\n\t\t\t<div class=\"elementor-column-wrap elementor-element-populated\">\n\t\t\t\t\t\t\t<div class=\"elementor-widget-wrap\">\n\t\t\t\t\t\t<div class=\"elementor-element elementor-element-7234be2 elementor-widget elementor-widget-text-editor\" data-id=\"7234be2\" data-element_type=\"widget\" data-widget_type=\"text-editor.default\">\n\t\t\t\t<div class=\"elementor-widget-container\">\n\t\t\t\t\t\t\t\t<div class=\"elementor-text-editor elementor-clearfix\">\n\t\t\t\t<p>Portanto, o 5\u00ba Congresso Geral da ABRISCO, dar\u00e1 oportunidade a t\u00e9cnicos, gerentes e equipes de P&amp;D nacionais que trabalham no desenvolvimento e aplica\u00e7\u00e3o de an\u00e1lise de riscos, seguran\u00e7a de processo e confiabilidade, no Brasil, de apresentarem seus trabalhos e conhecerem a produ\u00e7\u00e3o desta comunidade, num encontro t\u00e9cnico reunindo os principais especialistas do Brasil nessas \u00e1reas.<\/p><p>O evento possibilitar\u00e1 a integra\u00e7\u00e3o de especialistas das \u00e1reas de seguran\u00e7a de processo, confiabilidade e simula\u00e7\u00e3o e modelagem, das diversas \u00e1reas dos diversos setores da ind\u00fastria e sociedade. Assim, \u00e9 esperado que, em consequ\u00eancia deste evento, ocorra um aumento da colabora\u00e7\u00e3o de especialistas brasileiros com seus pares nas \u00e1reas do conhecimento.<\/p><p>Devido \u00e0 pandemia vigente no Pa\u00eds, nosso congresso ABRISCO 2021, est\u00e1 sendo montado em plataforma para apresenta\u00e7\u00f5es virtuais. Estamos determinados, em oferecermos um congresso seguro para nossos membros, congressistas, patrocinadores e empresas de suporte.<\/p><p>A programa\u00e7\u00e3o do evento incluir\u00e1 sess\u00f5es plen\u00e1rias, pain\u00e9is, f\u00f3runs de debates, bem como apresenta\u00e7\u00f5es de trabalhos t\u00e9cnicos nas \u00e1reas abordadas pelo congresso. Fique atento aos nossos correios e no nosso site do congresso.<\/p>\t\t\t\t\t<\/div>\n\t\t\t\t\t\t<\/div>\n\t\t\t\t<\/div>\n\t\t\t\t<div class=\"elementor-element elementor-element-4d4ca09 elementor-hidden-desktop elementor-hidden-tablet elementor-hidden-phone elementor-widget elementor-widget-text-editor\" data-id=\"4d4ca09\" data-element_type=\"widget\" data-widget_type=\"text-editor.default\">\n\t\t\t\t<div class=\"elementor-widget-container\">\n\t\t\t\t\t\t\t\t<div class=\"elementor-text-editor elementor-clearfix\">\n\t\t\t\t<p><strong>Links importantes<\/strong><\/p><p><a href=\"https:\/\/congressoabrisco.com.br\/2021conferencia\/\">Gest\u00e3o de trabalhos<\/a> | <a href=\"https:\/\/congressoabrisco.com.br\/2021conferencia\/passo-a-passo-para-envio-dos-trabalhos\/\">Galeria de fotos<\/a>\u00a0| <a href=\"https:\/\/congressoabrisco.com.br\/2021evento\/congresso-abrisco-2019\/\">Download dos trabalhos<\/a><\/p>\t\t\t\t\t<\/div>\n\t\t\t\t\t\t<\/div>\n\t\t\t\t<\/div>\n\t\t\t\t\t\t<\/div>\n\t\t\t\t\t<\/div>\n\t\t<\/div>\n\t\t\t\t<div class=\"elementor-column elementor-col-50 elementor-top-column elementor-element elementor-element-b926399\" data-id=\"b926399\" data-element_type=\"column\">\n\t\t\t<div class=\"elementor-column-wrap\">\n\t\t\t\t\t\t\t<div class=\"elementor-widget-wrap\">\n\t\t\t\t\t\t\t\t<\/div>\n\t\t\t\t\t<\/div>\n\t\t<\/div>\n\t\t\t\t\t\t\t\t<\/div>\n\t\t\t\t\t<\/div>\n\t\t<\/section>\n\t\t\t\t<section class=\"elementor-section elementor-top-section elementor-element elementor-element-a60 elementor-section-stretched elementor-section-boxed elementor-section-height-default elementor-section-height-default\" data-id=\"a60\" data-element_type=\"section\" data-settings=\"{&quot;background_background&quot;:&quot;classic&quot;,&quot;stretch_section&quot;:&quot;section-stretched&quot;}\">\n\t\t\t\t\t\t<div class=\"elementor-container elementor-column-gap-default\">\n\t\t\t\t\t\t\t<div class=\"elementor-row\">\n\t\t\t\t\t<div class=\"elementor-column elementor-col-100 elementor-top-column elementor-element elementor-element-5e63\" data-id=\"5e63\" data-element_type=\"column\">\n\t\t\t<div class=\"elementor-column-wrap elementor-element-populated\">\n\t\t\t\t\t\t\t<div class=\"elementor-widget-wrap\">\n\t\t\t\t\t\t<div class=\"elementor-element elementor-element-0620f70 elementor-widget elementor-widget-shortcode\" data-id=\"0620f70\" data-element_type=\"widget\" data-widget_type=\"shortcode.default\">\n\t\t\t\t<div class=\"elementor-widget-container\">\n\t\t\t\t\t<div class=\"elementor-shortcode\">\t\t<div data-elementor-type=\"section\" data-elementor-id=\"143\" class=\"elementor elementor-143\">\n\t\t\t\t\t<div class=\"elementor-section-wrap\">\n\t\t\t\t\t\t\t\t<section class=\"elementor-section elementor-top-section elementor-element elementor-element-26eddf6 elementor-section-boxed elementor-section-height-default elementor-section-height-default\" data-id=\"26eddf6\" data-element_type=\"section\" data-settings=\"{&quot;background_background&quot;:&quot;classic&quot;}\">\n\t\t\t\t\t\t<div class=\"elementor-container elementor-column-gap-default\">\n\t\t\t\t\t\t\t<div class=\"elementor-row\">\n\t\t\t\t\t<div class=\"elementor-column elementor-col-100 elementor-top-column elementor-element elementor-element-0f8b528\" data-id=\"0f8b528\" data-element_type=\"column\">\n\t\t\t<div class=\"elementor-column-wrap elementor-element-populated\">\n\t\t\t\t\t\t\t<div class=\"elementor-widget-wrap\">\n\t\t\t\t\t\t<div class=\"elementor-element elementor-element-1f769a6 elementor-widget elementor-widget-heading\" data-id=\"1f769a6\" data-element_type=\"widget\" data-widget_type=\"heading.default\">\n\t\t\t\t<div class=\"elementor-widget-container\">\n\t\t\t<h3 class=\"elementor-heading-title elementor-size-large\">Aten\u00e7\u00e3o \u00e0s datas<\/h3>\t\t<\/div>\n\t\t\t\t<\/div>\n\t\t\t\t<section class=\"elementor-section elementor-inner-section elementor-element elementor-element-4c62ddb elementor-section-boxed elementor-section-height-default elementor-section-height-default\" data-id=\"4c62ddb\" data-element_type=\"section\">\n\t\t\t\t\t\t<div class=\"elementor-container elementor-column-gap-narrow\">\n\t\t\t\t\t\t\t<div class=\"elementor-row\">\n\t\t\t\t\t<div class=\"elementor-column elementor-col-33 elementor-inner-column elementor-element elementor-element-7c7d2f1\" data-id=\"7c7d2f1\" data-element_type=\"column\" data-settings=\"{&quot;background_background&quot;:&quot;classic&quot;}\">\n\t\t\t<div class=\"elementor-column-wrap elementor-element-populated\">\n\t\t\t\t\t\t\t<div class=\"elementor-widget-wrap\">\n\t\t\t\t\t\t<div class=\"elementor-element elementor-element-1998a95 elementor-widget elementor-widget-html\" data-id=\"1998a95\" data-element_type=\"widget\" data-widget_type=\"html.default\">\n\t\t\t\t<div class=\"elementor-widget-container\">\n\t\t\t<div class=\"deadline past old\">\n    <div class=\"dt\">\n        <span>15<\/span>\n        <span>SET<\/span>\n    <\/div>\n    <div class=\"txt\">\n        Prazo para envio das sinopses\n    <\/div>\n<\/div>\t\t<\/div>\n\t\t\t\t<\/div>\n\t\t\t\t\t\t<\/div>\n\t\t\t\t\t<\/div>\n\t\t<\/div>\n\t\t\t\t<div class=\"elementor-column elementor-col-33 elementor-inner-column elementor-element elementor-element-dc06179\" data-id=\"dc06179\" data-element_type=\"column\" data-settings=\"{&quot;background_background&quot;:&quot;classic&quot;}\">\n\t\t\t<div class=\"elementor-column-wrap elementor-element-populated\">\n\t\t\t\t\t\t\t<div class=\"elementor-widget-wrap\">\n\t\t\t\t\t\t<div class=\"elementor-element elementor-element-9de18b4 elementor-widget elementor-widget-html\" data-id=\"9de18b4\" data-element_type=\"widget\" data-widget_type=\"html.default\">\n\t\t\t\t<div class=\"elementor-widget-container\">\n\t\t\t<div class=\"deadline past old\">\n    <div class=\"dt\">\n        <span>22<\/span>\n        <span>SET<\/span>\n    <\/div>\n    <div class=\"txt\">\n        Prazo m\u00e1ximo para notifica\u00e7\u00e3o da avalia\u00e7\u00e3o\n    <\/div>\n<\/div>\t\t<\/div>\n\t\t\t\t<\/div>\n\t\t\t\t\t\t<\/div>\n\t\t\t\t\t<\/div>\n\t\t<\/div>\n\t\t\t\t<div class=\"elementor-column elementor-col-33 elementor-inner-column elementor-element elementor-element-6c2cbeb\" data-id=\"6c2cbeb\" data-element_type=\"column\">\n\t\t\t<div class=\"elementor-column-wrap elementor-element-populated\">\n\t\t\t\t\t\t\t<div class=\"elementor-widget-wrap\">\n\t\t\t\t\t\t<div class=\"elementor-element elementor-element-654b2e4 elementor-widget elementor-widget-html\" data-id=\"654b2e4\" data-element_type=\"widget\" data-widget_type=\"html.default\">\n\t\t\t\t<div class=\"elementor-widget-container\">\n\t\t\t<div class=\"deadline  -past -old\">\n    <div class=\"dt\">\n        <span>30<\/span>\n        <span>OUT<\/span>\n    <\/div>\n    <div class=\"txt\">\n        Prazo m\u00e1ximo para o recebimento dos textos finais\n    <\/div>\n<\/div>\t\t<\/div>\n\t\t\t\t<\/div>\n\t\t\t\t\t\t<\/div>\n\t\t\t\t\t<\/div>\n\t\t<\/div>\n\t\t\t\t\t\t\t\t<\/div>\n\t\t\t\t\t<\/div>\n\t\t<\/section>\n\t\t\t\t<section class=\"elementor-section elementor-inner-section elementor-element elementor-element-bbcabb9 elementor-section-boxed elementor-section-height-default elementor-section-height-default\" data-id=\"bbcabb9\" data-element_type=\"section\">\n\t\t\t\t\t\t<div class=\"elementor-container elementor-column-gap-narrow\">\n\t\t\t\t\t\t\t<div class=\"elementor-row\">\n\t\t\t\t\t<div class=\"elementor-column elementor-col-100 elementor-inner-column elementor-element elementor-element-f66bb0a\" data-id=\"f66bb0a\" data-element_type=\"column\" data-settings=\"{&quot;background_background&quot;:&quot;classic&quot;}\">\n\t\t\t<div class=\"elementor-column-wrap elementor-element-populated\">\n\t\t\t\t\t\t\t<div class=\"elementor-widget-wrap\">\n\t\t\t\t\t\t<div class=\"elementor-element elementor-element-e2c430c elementor-widget elementor-widget-text-editor\" data-id=\"e2c430c\" data-element_type=\"widget\" data-widget_type=\"text-editor.default\">\n\t\t\t\t<div class=\"elementor-widget-container\">\n\t\t\t\t\t\t\t\t<div class=\"elementor-text-editor elementor-clearfix\">\n\t\t\t\t<p style=\"text-align: center;\">Caros congressistas.<br \/><span lang=\"PT-BR\">Caso ainda n\u00e3o tenha sido feito, o apresentador do trabalho precisa se inscrever para participar do congresso.<\/span><\/p>\t\t\t\t\t<\/div>\n\t\t\t\t\t\t<\/div>\n\t\t\t\t<\/div>\n\t\t\t\t\t\t<\/div>\n\t\t\t\t\t<\/div>\n\t\t<\/div>\n\t\t\t\t\t\t\t\t<\/div>\n\t\t\t\t\t<\/div>\n\t\t<\/section>\n\t\t\t\t\t\t<\/div>\n\t\t\t\t\t<\/div>\n\t\t<\/div>\n\t\t\t\t\t\t\t\t<\/div>\n\t\t\t\t\t<\/div>\n\t\t<\/section>\n\t\t\t\t\t\t\t<\/div>\n\t\t\t\t<\/div>\n\t\t<\/div>\n\t\t\t\t<\/div>\n\t\t\t\t<\/div>\n\t\t\t\t\t\t<\/div>\n\t\t\t\t\t<\/div>\n\t\t<\/div>\n\t\t\t\t\t\t\t\t<\/div>\n\t\t\t\t\t<\/div>\n\t\t<\/section>\n\t\t\t\t\t\t\t\t\t<\/div>\n\t\t\t<\/div>\n\t\t\t\t\t<\/div>\n\t\t","protected":false},"excerpt":{"rendered":"<p><span class=\"excerpt-hellip\"> [\u2026]<\/span><\/p>\n","protected":false},"author":1,"featured_media":0,"parent":0,"menu_order":0,"comment_status":"closed","ping_status":"closed","template":"","meta":[],"yoast_head":"<!-- This site is optimized with the Yoast SEO plugin v20.3 - https:\/\/yoast.com\/wordpress\/plugins\/seo\/ -->\n<title>Sobre o evento - Congresso ABRISCO<\/title>\n<meta name=\"robots\" content=\"index, follow, max-snippet:-1, max-image-preview:large, max-video-preview:-1\" \/>\n<link rel=\"canonical\" href=\"https:\/\/congressoabrisco.com.br\/2021\/o-evento\/\" \/>\n<meta property=\"og:locale\" content=\"pt_BR\" \/>\n<meta property=\"og:type\" content=\"article\" \/>\n<meta property=\"og:title\" content=\"Sobre o evento - Congresso ABRISCO\" \/>\n<meta property=\"og:description\" content=\"[\u2026]\" \/>\n<meta property=\"og:url\" content=\"https:\/\/congressoabrisco.com.br\/2021\/o-evento\/\" \/>\n<meta property=\"og:site_name\" content=\"Congresso ABRISCO\" \/>\n<meta property=\"article:modified_time\" content=\"2021-01-14T15:28:55+00:00\" \/>\n<meta name=\"twitter:card\" content=\"summary_large_image\" \/>\n<meta name=\"twitter:label1\" content=\"Est. tempo de leitura\" \/>\n\t<meta name=\"twitter:data1\" content=\"1 minuto\" \/>\n<script type=\"application\/ld+json\" class=\"yoast-schema-graph\">{\"@context\":\"https:\/\/schema.org\",\"@graph\":[{\"@type\":\"WebPage\",\"@id\":\"https:\/\/congressoabrisco.com.br\/2021\/o-evento\/\",\"url\":\"https:\/\/congressoabrisco.com.br\/2021\/o-evento\/\",\"name\":\"Sobre o evento - Congresso ABRISCO\",\"isPartOf\":{\"@id\":\"https:\/\/congressoabrisco.com.br\/2021\/#website\"},\"datePublished\":\"2019-04-12T18:11:23+00:00\",\"dateModified\":\"2021-01-14T15:28:55+00:00\",\"breadcrumb\":{\"@id\":\"https:\/\/congressoabrisco.com.br\/2021\/o-evento\/#breadcrumb\"},\"inLanguage\":\"pt-BR\",\"potentialAction\":[{\"@type\":\"ReadAction\",\"target\":[\"https:\/\/congressoabrisco.com.br\/2021\/o-evento\/\"]}]},{\"@type\":\"BreadcrumbList\",\"@id\":\"https:\/\/congressoabrisco.com.br\/2021\/o-evento\/#breadcrumb\",\"itemListElement\":[{\"@type\":\"ListItem\",\"position\":1,\"name\":\"In\u00edcio\",\"item\":\"https:\/\/congressoabrisco.com.br\/2021\/\"},{\"@type\":\"ListItem\",\"position\":2,\"name\":\"Sobre o evento\"}]},{\"@type\":\"WebSite\",\"@id\":\"https:\/\/congressoabrisco.com.br\/2021\/#website\",\"url\":\"https:\/\/congressoabrisco.com.br\/2021\/\",\"name\":\"Congresso ABRISCO\",\"description\":\"\",\"publisher\":{\"@id\":\"https:\/\/congressoabrisco.com.br\/2021\/#organization\"},\"potentialAction\":[{\"@type\":\"SearchAction\",\"target\":{\"@type\":\"EntryPoint\",\"urlTemplate\":\"https:\/\/congressoabrisco.com.br\/2021\/?s={search_term_string}\"},\"query-input\":\"required name=search_term_string\"}],\"inLanguage\":\"pt-BR\"},{\"@type\":\"Organization\",\"@id\":\"https:\/\/congressoabrisco.com.br\/2021\/#organization\",\"name\":\"Congresso ABRISCO\",\"url\":\"https:\/\/congressoabrisco.com.br\/2021\/\",\"logo\":{\"@type\":\"ImageObject\",\"inLanguage\":\"pt-BR\",\"@id\":\"https:\/\/congressoabrisco.com.br\/2021\/#\/schema\/logo\/image\/\",\"url\":\"https:\/\/congressoabrisco.com.br\/2021\/src\/uploads\/2019\/03\/logo-retina.png\",\"contentUrl\":\"https:\/\/congressoabrisco.com.br\/2021\/src\/uploads\/2019\/03\/logo-retina.png\",\"width\":285,\"height\":108,\"caption\":\"Congresso ABRISCO\"},\"image\":{\"@id\":\"https:\/\/congressoabrisco.com.br\/2021\/#\/schema\/logo\/image\/\"}}]}<\/script>\n<!-- \/ Yoast SEO plugin. -->","yoast_head_json":{"title":"Sobre o evento - Congresso ABRISCO","robots":{"index":"index","follow":"follow","max-snippet":"max-snippet:-1","max-image-preview":"max-image-preview:large","max-video-preview":"max-video-preview:-1"},"canonical":"https:\/\/congressoabrisco.com.br\/2021\/o-evento\/","og_locale":"pt_BR","og_type":"article","og_title":"Sobre o evento - Congresso ABRISCO","og_description":"[\u2026]","og_url":"https:\/\/congressoabrisco.com.br\/2021\/o-evento\/","og_site_name":"Congresso ABRISCO","article_modified_time":"2021-01-14T15:28:55+00:00","twitter_card":"summary_large_image","twitter_misc":{"Est. tempo de leitura":"1 minuto"},"schema":{"@context":"https:\/\/schema.org","@graph":[{"@type":"WebPage","@id":"https:\/\/congressoabrisco.com.br\/2021\/o-evento\/","url":"https:\/\/congressoabrisco.com.br\/2021\/o-evento\/","name":"Sobre o evento - Congresso ABRISCO","isPartOf":{"@id":"https:\/\/congressoabrisco.com.br\/2021\/#website"},"datePublished":"2019-04-12T18:11:23+00:00","dateModified":"2021-01-14T15:28:55+00:00","breadcrumb":{"@id":"https:\/\/congressoabrisco.com.br\/2021\/o-evento\/#breadcrumb"},"inLanguage":"pt-BR","potentialAction":[{"@type":"ReadAction","target":["https:\/\/congressoabrisco.com.br\/2021\/o-evento\/"]}]},{"@type":"BreadcrumbList","@id":"https:\/\/congressoabrisco.com.br\/2021\/o-evento\/#breadcrumb","itemListElement":[{"@type":"ListItem","position":1,"name":"In\u00edcio","item":"https:\/\/congressoabrisco.com.br\/2021\/"},{"@type":"ListItem","position":2,"name":"Sobre o evento"}]},{"@type":"WebSite","@id":"https:\/\/congressoabrisco.com.br\/2021\/#website","url":"https:\/\/congressoabrisco.com.br\/2021\/","name":"Congresso ABRISCO","description":"","publisher":{"@id":"https:\/\/congressoabrisco.com.br\/2021\/#organization"},"potentialAction":[{"@type":"SearchAction","target":{"@type":"EntryPoint","urlTemplate":"https:\/\/congressoabrisco.com.br\/2021\/?s={search_term_string}"},"query-input":"required name=search_term_string"}],"inLanguage":"pt-BR"},{"@type":"Organization","@id":"https:\/\/congressoabrisco.com.br\/2021\/#organization","name":"Congresso ABRISCO","url":"https:\/\/congressoabrisco.com.br\/2021\/","logo":{"@type":"ImageObject","inLanguage":"pt-BR","@id":"https:\/\/congressoabrisco.com.br\/2021\/#\/schema\/logo\/image\/","url":"https:\/\/congressoabrisco.com.br\/2021\/src\/uploads\/2019\/03\/logo-retina.png","contentUrl":"https:\/\/congressoabrisco.com.br\/2021\/src\/uploads\/2019\/03\/logo-retina.png","width":285,"height":108,"caption":"Congresso ABRISCO"},"image":{"@id":"https:\/\/congressoabrisco.com.br\/2021\/#\/schema\/logo\/image\/"}}]}},"_links":{"self":[{"href":"https:\/\/congressoabrisco.com.br\/2021\/wp-json\/wp\/v2\/pages\/135"}],"collection":[{"href":"https:\/\/congressoabrisco.com.br\/2021\/wp-json\/wp\/v2\/pages"}],"about":[{"href":"https:\/\/congressoabrisco.com.br\/2021\/wp-json\/wp\/v2\/types\/page"}],"author":[{"embeddable":true,"href":"https:\/\/congressoabrisco.com.br\/2021\/wp-json\/wp\/v2\/users\/1"}],"replies":[{"embeddable":true,"href":"https:\/\/congressoabrisco.com.br\/2021\/wp-json\/wp\/v2\/comments?post=135"}],"version-history":[{"count":0,"href":"https:\/\/congressoabrisco.com.br\/2021\/wp-json\/wp\/v2\/pages\/135\/revisions"}],"wp:attachment":[{"href":"https:\/\/congressoabrisco.com.br\/2021\/wp-json\/wp\/v2\/media?parent=135"}],"curies":[{"name":"wp","href":"https:\/\/api.w.org\/{rel}","templated":true}]}}